{"id":440,"date":"2016-07-18T17:04:21","date_gmt":"2016-07-18T15:04:21","guid":{"rendered":"http:\/\/isabelferreirua.com\/aviso-legal\/"},"modified":"2022-09-27T08:35:39","modified_gmt":"2022-09-27T06:35:39","slug":"aviso-legal","status":"publish","type":"page","link":"https:\/\/isabelferreirua.com\/pt-pt\/aviso-legal\/","title":{"rendered":"Aviso Legal"},"content":{"rendered":"<h2>Aviso Legal<\/h2>\n<div class=\"fusion-fullwidth fullwidth-box fusion-builder-row-1 hundred-percent-fullwidth non-hundred-percent-height-scrolling\" style=\"--awb-border-radius-top-left:0px;--awb-border-radius-top-right:0px;--awb-border-radius-bottom-right:0px;--awb-border-radius-bottom-left:0px;--awb-overflow:visible;--awb-margin-bottom:20px;--awb-background-color:rgba(255,255,255,0);--awb-flex-wrap:wrap;\" ><div class=\"fusion-builder-row fusion-row\"><div class=\"fusion-layout-column fusion_builder_column fusion-builder-column-0 fusion_builder_column_1_1 1_1 fusion-one-full fusion-column-first fusion-column-last fusion-column-no-min-height\" style=\"--awb-bg-size:cover;--awb-margin-bottom:0px;\"><div class=\"fusion-column-wrapper fusion-flex-column-wrapper-legacy\"><div class=\"fusion-sep-clear\"><\/div><div class=\"fusion-separator fusion-full-width-sep\" style=\"margin-left: auto;margin-right: auto;width:100%;\"><div class=\"fusion-separator-border sep-single sep-solid\" style=\"--awb-height:20px;--awb-amount:20px;border-color:#e0dede;border-top-width:3px;;\"><\/div><\/div><div class=\"fusion-sep-clear\"><\/div>\nEm conformidade com as disposi\u00e7\u00f5es das Leis de Prote\u00e7\u00e3o de Dados Pessoais, \u00e9 informado de que os dados pessoais que fornece desta forma ser\u00e3o inclu\u00eddos num ficheiro cujo titular e respons\u00e1vel \u00e9 <em><strong>Isabel Ferreir\u00faa<\/strong><\/em> e cujo objetivo \u00e9 gerir a rela\u00e7\u00e3o comercial ou outra que mant\u00e9m connosco e mant\u00ea-lo informado sobre as atividades e servi\u00e7os de a organiza\u00e7\u00e3o Pode exercer os direitos de acesso, retifica\u00e7\u00e3o, cancelamento e oposi\u00e7\u00e3o reconhecidos na referida Lei, contactando <em><strong>Isabel Ferreir\u00faa<\/strong><\/em> no endere\u00e7o de e-mail <a href=\"mailto:info@isabelferreirua.com\">info@isabelferreirua.com<\/a><\/p>\n<p>Em conformidade com as disposi\u00e7\u00f5es da Lei relativa aos Servi\u00e7os da Sociedade da Informa\u00e7\u00e3o e do Com\u00e9rcio Eletr\u00f3nico, esta mensagem \u00e9 dirigida exclusivamente ao seu destinat\u00e1rio e pode conter informa\u00e7\u00f5es privilegiadas ou confidenciais Se n\u00e3o for o destinat\u00e1rio designado, informamos que qualquer divulga\u00e7\u00e3o, c\u00f3pia, distribui\u00e7\u00e3o ou utiliza\u00e7\u00e3o do conte\u00fado \u00e9 proibida por lei. Se tiver recebido esta mensagem por engano, por favor, elimine o seu conte\u00fado e comunique-a ao endere\u00e7o do remetente o mais rapidamente poss\u00edvel.<\/p>\n<p>Com a mera visita \u00e0 Web, os utilizadores n\u00e3o fornecem nenhuma informa\u00e7\u00e3o pessoal nem s\u00e3o obrigados a fornec\u00ea-la.<\/p>\n<p><em><strong>Isabel Ferreir\u00faa<\/strong><\/em> compromete-se a manter a m\u00e1xima reserva e confidencialidade sobre as informa\u00e7\u00f5es que lhe s\u00e3o fornecidas e a us\u00e1-la apenas para os fins indicados.<\/p>\n<p><em><strong>Isabel Ferreir\u00faa<\/strong><\/em> presume que os dados foram introduzidos pelo seu propriet\u00e1rio ou por uma pessoa autorizada por ele, bem como que s\u00e3o corretos e precisos.<\/p>\n<p>Cabe aos utilizadores atualizarem os seus pr\u00f3prios dados A qualquer momento, o utilizador ter\u00e1 direito de acesso, retifica\u00e7\u00e3o, cancelamento e oposi\u00e7\u00e3o a todos os seus dados pessoais inclu\u00eddos nos diferentes formul\u00e1rios de registo. Para modificar ou atualizar os seus dados pessoais, o utilizador deve enviar um e-mail para <a href=\"mailto:info@isabelferreirua.com\">info@isabelferreirua.com<\/a><\/p>\n<p>Posto, isto, o utilizador \u00e9 respons\u00e1vel pela veracidade dos dados e <em><strong>Isabel Ferreir\u00faa<\/strong><\/em>, n\u00e3o ser\u00e1 respons\u00e1vel pela sua imprecis\u00e3o. De acordo com a legisla\u00e7\u00e3o em vigor em mat\u00e9ria de prote\u00e7\u00e3o de dados, <em><strong>Isabel Ferreir\u00faa<\/strong><\/em> adotou os n\u00edveis de seguran\u00e7a adequados para os dados fornecidos pelos utilizadores e, al\u00e9m disso, instalou todos os meios e medidas \u00e0 sua disposi\u00e7\u00e3o para evitar a perda, utiliza\u00e7\u00e3o indevida, altera\u00e7\u00e3o, acesso e extra\u00e7\u00e3o n\u00e3o autorizados dos mesmos.<div class=\"fusion-clearfix\"><\/div><\/div><\/div><\/div><\/div>\n","protected":false},"excerpt":{"rendered":"<p>Aviso Legal<\/p>\n","protected":false},"author":1,"featured_media":0,"parent":0,"menu_order":0,"comment_status":"closed","ping_status":"closed","template":"","meta":{"footnotes":""},"class_list":["post-440","page","type-page","status-publish","hentry"],"_links":{"self":[{"href":"https:\/\/isabelferreirua.com\/pt-pt\/wp-json\/wp\/v2\/pages\/440","targetHints":{"allow":["GET"]}}],"collection":[{"href":"https:\/\/isabelferreirua.com\/pt-pt\/wp-json\/wp\/v2\/pages"}],"about":[{"href":"https:\/\/isabelferreirua.com\/pt-pt\/wp-json\/wp\/v2\/types\/page"}],"author":[{"embeddable":true,"href":"https:\/\/isabelferreirua.com\/pt-pt\/wp-json\/wp\/v2\/users\/1"}],"replies":[{"embeddable":true,"href":"https:\/\/isabelferreirua.com\/pt-pt\/wp-json\/wp\/v2\/comments?post=440"}],"version-history":[{"count":2,"href":"https:\/\/isabelferreirua.com\/pt-pt\/wp-json\/wp\/v2\/pages\/440\/revisions"}],"predecessor-version":[{"id":442,"href":"https:\/\/isabelferreirua.com\/pt-pt\/wp-json\/wp\/v2\/pages\/440\/revisions\/442"}],"wp:attachment":[{"href":"https:\/\/isabelferreirua.com\/pt-pt\/wp-json\/wp\/v2\/media?parent=440"}],"curies":[{"name":"wp","href":"https:\/\/api.w.org\/{rel}","templated":true}]}}