{"id":443,"date":"2016-07-18T17:07:13","date_gmt":"2016-07-18T15:07:13","guid":{"rendered":"http:\/\/isabelferreirua.com\/politica-de-cookies\/"},"modified":"2022-09-27T08:41:26","modified_gmt":"2022-09-27T06:41:26","slug":"politica-de-cookies","status":"publish","type":"page","link":"https:\/\/isabelferreirua.com\/pt-pt\/politica-de-cookies\/","title":{"rendered":"Politica de cookies"},"content":{"rendered":"<h2>Politica de cookies<\/h2>\n<div class=\"fusion-fullwidth fullwidth-box fusion-builder-row-1 hundred-percent-fullwidth non-hundred-percent-height-scrolling\" style=\"--awb-border-radius-top-left:0px;--awb-border-radius-top-right:0px;--awb-border-radius-bottom-right:0px;--awb-border-radius-bottom-left:0px;--awb-overflow:visible;--awb-margin-bottom:20px;--awb-background-color:rgba(255,255,255,0);--awb-flex-wrap:wrap;\" ><div class=\"fusion-builder-row fusion-row\"><div class=\"fusion-layout-column fusion_builder_column fusion-builder-column-0 fusion_builder_column_1_1 1_1 fusion-one-full fusion-column-first fusion-column-last fusion-column-no-min-height\" style=\"--awb-bg-size:cover;--awb-margin-bottom:0px;\"><div class=\"fusion-column-wrapper fusion-flex-column-wrapper-legacy\"><div class=\"fusion-sep-clear\"><\/div><div class=\"fusion-separator fusion-full-width-sep\" style=\"margin-left: auto;margin-right: auto;width:100%;\"><div class=\"fusion-separator-border sep-single sep-solid\" style=\"--awb-height:20px;--awb-amount:20px;border-color:#e0dede;border-top-width:3px;;\"><\/div><\/div><div class=\"fusion-sep-clear\"><\/div>\n<p>Cookie \u00e9 um ficheiro que \u00e9 descarregado para o seu computador quando acede a determinadas p\u00e1ginas web Os cookies permitem que um website, entre outras coisas, armazene e recupere informa\u00e7\u00f5es sobre os h\u00e1bitos de navega\u00e7\u00e3o de um utilizador ou dos seus equipamentos e, dependendo da informa\u00e7\u00e3o que cont\u00eam e da forma como utilizam os seus equipamentos, podem ser utilizados para reconhecer o utilizador. O navegador do utilizador armazena cookies no disco r\u00edgido apenas durante a sess\u00e3o atual, ocupando um espa\u00e7o m\u00ednimo de mem\u00f3ria e n\u00e3o prejudicando o computador. Os cookies n\u00e3o cont\u00eam nenhuma informa\u00e7\u00e3o pessoal espec\u00edfica, e a maioria deles s\u00e3o eliminados do disco r\u00edgido no final da sess\u00e3o do navegador (os chamados cookies de sess\u00e3o).<\/p>\n<p>A maioria dos navegadores aceita cookies como padr\u00e3o e, independentemente deles, permitem ou impedem cookies tempor\u00e1rios ou armazenados nas defini\u00e7\u00f5es de seguran\u00e7a.<\/p>\n<h4 data-lineheight=\"20\" data-fontsize=\"20\">Que tipos de cookies este site utiliza?<\/h4>\n<hr>\n<ul>\n<li><em>Cookies t\u00e9cnicos<\/em> Estes s\u00e3o aqueles que permitem ao utilizador navegar atrav\u00e9s de uma p\u00e1gina web, plataforma ou aplica\u00e7\u00e3o e a utiliza\u00e7\u00e3o das diferentes op\u00e7\u00f5es ou servi\u00e7os que nela existem, tais como, por exemplo, controlar o tr\u00e1fego e a comunica\u00e7\u00e3o de dados, identificar a sess\u00e3o, aceder a pe\u00e7as de acesso restritas, lembrar os elementos que comp\u00f5em uma encomenda, realizar o processo de compra de uma encomenda, fazer o pedido de registo ou participa\u00e7\u00e3o num evento, utilizar elementos de seguran\u00e7a durante a navega\u00e7\u00e3o, armazenar conte\u00fados para a divulga\u00e7\u00e3o de v\u00eddeos ou som ou partilhar conte\u00fados atrav\u00e9s das redes sociais.<\/li>\n<li><em>Cookies de personaliza\u00e7\u00e3o<\/em> Estes s\u00e3o aqueles que permitem ao utilizador aceder ao servi\u00e7o com algumas caracter\u00edsticas gerais predefinidas com base numa s\u00e9rie de crit\u00e9rios no terminal do utilizador, como o idioma, o tipo de navegador atrav\u00e9s do qual acede ao servi\u00e7o, a configura\u00e7\u00e3o regional de onde acede ao servi\u00e7o, etc.<\/li>\n<li><em>\u2022 Cookies de an\u00e1lise:<\/em> Estes s\u00e3o aqueles que s\u00e3o bem tratados por n\u00f3s ou por terceiros, permitem-nos quantificar o n\u00famero de utilizadores e assim realizar a medi\u00e7\u00e3o e an\u00e1lise estat\u00edstica da utiliza\u00e7\u00e3o feita pelos utilizadores do servi\u00e7o oferecido. Para isso, a sua navega\u00e7\u00e3o no nosso site \u00e9 analisada de forma a melhorar a oferta de produtos ou servi\u00e7os que lhe oferecemos&#8230;<\/li>\n<li><em>Cookies publicit\u00e1rios<\/em> Estes s\u00e3o aqueles que, bem tratados por n\u00f3s ou por terceiros, nos permitem gerir da forma mais eficiente poss\u00edvel a oferta dos espa\u00e7os publicit\u00e1rios que est\u00e3o no site, adaptando o conte\u00fado do an\u00fancio ao conte\u00fado do servi\u00e7o solicitado ou \u00e0 utiliza\u00e7\u00e3o que faz do nosso website. Para isso podemos analisar os seus h\u00e1bitos de navega\u00e7\u00e3o na Internet e podemos mostrar-lhe publicidade relacionada com o seu perfil de navega\u00e7\u00e3o.<\/li>\n<li><em>Cookies de publicidade comportamental:<\/em> Estes s\u00e3o aqueles que permitem a gest\u00e3o, da forma mais eficiente poss\u00edvel, dos espa\u00e7os publicit\u00e1rios que, se for caso disso, a editora incluiu numa p\u00e1gina web, aplica\u00e7\u00e3o ou plataforma a partir da qual presta o servi\u00e7o solicitado. Estes cookies armazenam informa\u00e7\u00f5es sobre o comportamento dos utilizadores obtidos atrav\u00e9s da observa\u00e7\u00e3o cont\u00ednua dos seus h\u00e1bitos de navega\u00e7\u00e3o, o que permite o desenvolvimento de um perfil espec\u00edfico para exibir publicidade com base no mesmo.<\/li>\n<li><em>Cookies de terceiros:<\/em> A web de isabelferreirua.com pode utilizar servi\u00e7os de terceiros que recolhem informa\u00e7\u00f5es para fins estat\u00edsticos, utiliza\u00e7\u00e3o do Website pelo utilizador e para a presta\u00e7\u00e3o de outros servi\u00e7os relacionados com a atividade do Website e outros servi\u00e7os de Internet.<\/li>\n<\/ul>\n<p>Em particular, este site utiliza o Google Analytics, um servi\u00e7o de an\u00e1lise web fornecido pela Google, Inc. domiciliado nos Estados Unidos com sede em 1600 Anfiteatro Parkway, Mountain View, Calif\u00f3rnia 94043. Para a presta\u00e7\u00e3o destes servi\u00e7os, utilizam cookies que recolhem informa\u00e7\u00f5es, incluindo o endere\u00e7o IP do utilizador, que ser\u00e3o transmitidos, processados e armazenados pela Google nos termos estabelecidos no Website Google.com. Incluindo a poss\u00edvel transmiss\u00e3o dessas informa\u00e7\u00f5es a terceiros por raz\u00f5es de exig\u00eancia legal ou quando tais terceiros processam as informa\u00e7\u00f5es em nome da Google.<\/p>\n<p>O Utilizador aceita expressamente, atrav\u00e9s deste Website, o processamento das informa\u00e7\u00f5es recolhidas da forma e para as finalidades acima mencionadas. E tamb\u00e9m reconhece conhecer a possibilidade de rejeitar o tratamento de tais dados ou informa\u00e7\u00f5es, rejeitando a utiliza\u00e7\u00e3o de Cookies, selecionando a configura\u00e7\u00e3o adequada para o efeito no seu navegador. Embora esta op\u00e7\u00e3o de bloquear Cookies no seu navegador possa n\u00e3o permitir que voc\u00ea use totalmente todas as funcionalidades do Site.<\/p>\n<p>Pode permitir, bloquear ou eliminar os cookies instalados no seu computador configurando as op\u00e7\u00f5es do navegador instalado no seu computador:<\/p>\n<ul>\n<ul>\n<li><a href=\"http:\/\/support.google.com\/chrome\/bin\/answer.py?hl=es&amp;answer=95647\" target=\"_blank\" rel=\"noopener\">Chrome<\/a><\/li>\n<li><a href=\"http:\/\/windows.microsoft.com\/es-es\/windows7\/how-to-manage-cookies-in-internet-explorer-9\" target=\"_blank\" rel=\"noopener\">Explorer<\/a><\/li>\n<li><a href=\"http:\/\/support.mozilla.org\/es\/kb\/habilitar-y-deshabilitar-cookies-que-los-sitios-we\" target=\"_blank\" rel=\"noopener\">Firefox<\/a><\/li>\n<li><a href=\"https:\/\/support.apple.com\/kb\/PH21411?locale=es_ES\" target=\"_blank\" rel=\"noopener\">Safari<\/a><\/li>\n<\/ul>\n<\/ul>\n<div class=\"fusion-clearfix\"><\/div><\/div><\/div><\/div><\/div>\n","protected":false},"excerpt":{"rendered":"<p>Politica de cookies<\/p>\n","protected":false},"author":1,"featured_media":0,"parent":0,"menu_order":0,"comment_status":"closed","ping_status":"closed","template":"","meta":{"footnotes":""},"class_list":["post-443","page","type-page","status-publish","hentry"],"_links":{"self":[{"href":"https:\/\/isabelferreirua.com\/pt-pt\/wp-json\/wp\/v2\/pages\/443","targetHints":{"allow":["GET"]}}],"collection":[{"href":"https:\/\/isabelferreirua.com\/pt-pt\/wp-json\/wp\/v2\/pages"}],"about":[{"href":"https:\/\/isabelferreirua.com\/pt-pt\/wp-json\/wp\/v2\/types\/page"}],"author":[{"embeddable":true,"href":"https:\/\/isabelferreirua.com\/pt-pt\/wp-json\/wp\/v2\/users\/1"}],"replies":[{"embeddable":true,"href":"https:\/\/isabelferreirua.com\/pt-pt\/wp-json\/wp\/v2\/comments?post=443"}],"version-history":[{"count":2,"href":"https:\/\/isabelferreirua.com\/pt-pt\/wp-json\/wp\/v2\/pages\/443\/revisions"}],"predecessor-version":[{"id":445,"href":"https:\/\/isabelferreirua.com\/pt-pt\/wp-json\/wp\/v2\/pages\/443\/revisions\/445"}],"wp:attachment":[{"href":"https:\/\/isabelferreirua.com\/pt-pt\/wp-json\/wp\/v2\/media?parent=443"}],"curies":[{"name":"wp","href":"https:\/\/api.w.org\/{rel}","templated":true}]}}