{"id":446,"date":"2016-06-18T10:58:24","date_gmt":"2016-06-18T08:58:24","guid":{"rendered":"http:\/\/isabelferreirua.com\/quem-somos\/"},"modified":"2022-09-27T08:44:16","modified_gmt":"2022-09-27T06:44:16","slug":"quem-somos","status":"publish","type":"page","link":"https:\/\/isabelferreirua.com\/pt-pt\/quem-somos\/","title":{"rendered":"QUEM SOMOS?"},"content":{"rendered":"<div class=\"fusion-fullwidth fullwidth-box fusion-builder-row-1 nonhundred-percent-fullwidth non-hundred-percent-height-scrolling\" style=\"--awb-background-position:left top;--awb-border-sizes-top:0px;--awb-border-sizes-bottom:0px;--awb-border-sizes-left:0px;--awb-border-sizes-right:0px;--awb-border-radius-top-left:0px;--awb-border-radius-top-right:0px;--awb-border-radius-bottom-right:0px;--awb-border-radius-bottom-left:0px;--awb-padding-top:0px;--awb-padding-right:0px;--awb-padding-bottom:60px;--awb-padding-left:0px;--awb-flex-wrap:wrap;\" ><div class=\"fusion-builder-row fusion-row\"><div class=\"fusion-layout-column fusion_builder_column fusion-builder-column-0 fusion_builder_column_1_1 1_1 fusion-one-full fusion-column-first fusion-column-last\" style=\"--awb-bg-size:cover;\"><div class=\"fusion-column-wrapper fusion-flex-column-wrapper-legacy\"><div class=\"fusion-text fusion-text-1\"><h2 style=\"text-align: center;\">Isabel Ferreir\u00faa Rodr\u00edguez como&#8230;<\/h2>\n<\/div><div class=\"fusion-text fusion-text-2\"><p><strong>Intermedi\u00e1rio<\/strong> para clientes espanh\u00f3is e portugueses que queiram trabalhar ou viver no pa\u00eds vizinho.<\/p>\n<p><strong>Mediador<\/strong> entre as diferentes administra\u00e7\u00f5es p\u00fablicas e privadas (C\u00e2mara Municipal, Finan\u00e7as, Administra\u00e7\u00f5es de shoppings, Ag\u00eancias, etc&#8230;) em Espanha e Portugal.<\/p>\n<p><strong>Respons\u00e1vel<\/strong> pela gest\u00e3o dos procedimentos perante as administra\u00e7\u00f5es, (legaliza\u00e7\u00e3o e valida\u00e7\u00e3o de pedidos de licen\u00e7as de projetos arquitet\u00f3nicos, comunica\u00e7\u00f5es pr\u00e9vias, liquida\u00e7\u00f5es complementares, reclama\u00e7\u00f5es, apresenta\u00e7\u00e3o de recursos&#8230;)<\/p>\n<p><strong>Analista<\/strong> de viabilidade do projeto.<\/p>\n<\/div><div class=\"fusion-sep-clear\"><\/div><div class=\"fusion-separator\" style=\"margin-left: auto;margin-right: auto;margin-top:0px;margin-bottom:65px;width:100%;max-width:15%;\"><div class=\"fusion-separator-border sep-single sep-solid\" style=\"--awb-height:20px;--awb-amount:20px;--awb-sep-color:#e1a833;border-color:#e1a833;border-top-width:1px;\"><\/div><\/div><div class=\"fusion-sep-clear\"><\/div><div class=\"fusion-sep-clear\"><\/div><div class=\"fusion-separator fusion-full-width-sep\" style=\"margin-left: auto;margin-right: auto;margin-top:12px;width:100%;\"><\/div><div class=\"fusion-sep-clear\"><\/div><div class=\"fusion-text fusion-text-3\"><h2 style=\"text-align: center;\">&#8230;coordena uma Equipa Multidisciplinar&#8230;<\/h2>\n<\/div><div class=\"fusion-text fusion-text-4\"><p>Oferece um servi\u00e7o personalizado que combina os aspetos t\u00e9cnicos, fiscais e legais.<\/p>\n<p>Colaboramos em estreita colabora\u00e7\u00e3o com diferentes empresas de constru\u00e7\u00e3o e profissionais de forma a prestar o melhor atendimento ao cliente.<\/p>\n<\/div><div class=\"fusion-sep-clear\"><\/div><div class=\"fusion-separator\" style=\"margin-left: auto;margin-right: auto;margin-top:0px;margin-bottom:65px;width:100%;max-width:15%;\"><div class=\"fusion-separator-border sep-single sep-solid\" style=\"--awb-height:20px;--awb-amount:20px;--awb-sep-color:#e1a833;border-color:#e1a833;border-top-width:1px;\"><\/div><\/div><div class=\"fusion-sep-clear\"><\/div><div class=\"fusion-sep-clear\"><\/div><div class=\"fusion-separator fusion-full-width-sep\" style=\"margin-left: auto;margin-right: auto;margin-top:12px;width:100%;\"><\/div><div class=\"fusion-sep-clear\"><\/div><div class=\"fusion-text fusion-text-5\"><h2 style=\"text-align: center;\">&#8230;com o objetivo de<\/h2>\n<\/div><div class=\"fusion-text fusion-text-6\"><p>Cuidar de todos os procedimentos para que o nosso cliente se foque nos seus neg\u00f3cios sem se preocupar com a burocracia associada ao seu lan\u00e7amento no mercado, implementa\u00e7\u00e3o num novo mercado ou expans\u00e3o da sua empresa.<\/p>\n<p>Auxiliamos o cliente e a sua fam\u00edlia na mudan\u00e7a para o pai vizinho. Dispomos de servi\u00e7os direcionados para facilitar a integra\u00e7\u00e3o num novo pa\u00eds, tal como a procura de casa, a escolha, candidatura e matr\u00edcula em escolas \/ universidades, homologa\u00e7\u00e3o de graus, etc\u2026<\/p>\n<\/div><div class=\"fusion-sep-clear\"><\/div><div class=\"fusion-separator\" style=\"margin-left: auto;margin-right: auto;margin-top:0px;margin-bottom:65px;width:100%;max-width:15%;\"><div class=\"fusion-separator-border sep-single sep-solid\" style=\"--awb-height:20px;--awb-amount:20px;--awb-sep-color:#e1a833;border-color:#e1a833;border-top-width:1px;\"><\/div><\/div><div class=\"fusion-sep-clear\"><\/div><div class=\"fusion-clearfix\"><\/div><\/div><\/div><\/div><\/div>\n","protected":false},"excerpt":{"rendered":"","protected":false},"author":1,"featured_media":0,"parent":0,"menu_order":0,"comment_status":"closed","ping_status":"closed","template":"","meta":{"footnotes":""},"class_list":["post-446","page","type-page","status-publish","hentry"],"_links":{"self":[{"href":"https:\/\/isabelferreirua.com\/pt-pt\/wp-json\/wp\/v2\/pages\/446","targetHints":{"allow":["GET"]}}],"collection":[{"href":"https:\/\/isabelferreirua.com\/pt-pt\/wp-json\/wp\/v2\/pages"}],"about":[{"href":"https:\/\/isabelferreirua.com\/pt-pt\/wp-json\/wp\/v2\/types\/page"}],"author":[{"embeddable":true,"href":"https:\/\/isabelferreirua.com\/pt-pt\/wp-json\/wp\/v2\/users\/1"}],"replies":[{"embeddable":true,"href":"https:\/\/isabelferreirua.com\/pt-pt\/wp-json\/wp\/v2\/comments?post=446"}],"version-history":[{"count":2,"href":"https:\/\/isabelferreirua.com\/pt-pt\/wp-json\/wp\/v2\/pages\/446\/revisions"}],"predecessor-version":[{"id":448,"href":"https:\/\/isabelferreirua.com\/pt-pt\/wp-json\/wp\/v2\/pages\/446\/revisions\/448"}],"wp:attachment":[{"href":"https:\/\/isabelferreirua.com\/pt-pt\/wp-json\/wp\/v2\/media?parent=446"}],"curies":[{"name":"wp","href":"https:\/\/api.w.org\/{rel}","templated":true}]}}