{"id":449,"date":"2016-06-18T11:00:00","date_gmt":"2016-06-18T09:00:00","guid":{"rendered":"http:\/\/isabelferreirua.com\/servicos\/"},"modified":"2025-09-12T12:54:11","modified_gmt":"2025-09-12T10:54:11","slug":"servicos","status":"publish","type":"page","link":"https:\/\/isabelferreirua.com\/pt-pt\/servicos\/","title":{"rendered":"SERVI\u00c7OS"},"content":{"rendered":"<p><div class=\"fusion-fullwidth fullwidth-box fusion-builder-row-1 hundred-percent-fullwidth non-hundred-percent-height-scrolling fusion-equal-height-columns\" style=\"--awb-background-position:left top;--awb-border-sizes-top:0px;--awb-border-sizes-bottom:0px;--awb-border-sizes-left:0px;--awb-border-sizes-right:0px;--awb-border-radius-top-left:0px;--awb-border-radius-top-right:0px;--awb-border-radius-bottom-right:0px;--awb-border-radius-bottom-left:0px;--awb-padding-top:0px;--awb-padding-right:0px;--awb-padding-bottom:0px;--awb-padding-left:0px;--awb-margin-bottom:0px;--awb-background-color:#ffffff;--awb-flex-wrap:wrap;\" ><div class=\"fusion-builder-row fusion-row\"><div class=\"fusion-layout-column fusion_builder_column fusion-builder-column-0 fusion_builder_column_1_1 1_1 fusion-one-full fusion-column-first fusion-column-last fusion-column-no-min-height\" style=\"--awb-bg-size:cover;--awb-margin-bottom:0px;\"><div class=\"fusion-column-wrapper fusion-flex-column-wrapper-legacy\"><div class=\"fusion-text fusion-text-1\"><h2 style=\"text-align: center;\">Gerimos os seus procedimentos<\/h2>\n<\/div><div class=\"fusion-sep-clear\"><\/div><div class=\"fusion-separator\" style=\"margin-left: auto;margin-right: auto;margin-top:0px;margin-bottom:50px;width:100%;max-width:15%;\"><div class=\"fusion-separator-border sep-single sep-solid\" style=\"--awb-height:20px;--awb-amount:20px;--awb-sep-color:#e1a833;border-color:#e1a833;border-top-width:1px;\"><\/div><\/div><div class=\"fusion-sep-clear\"><\/div><div class=\"fusion-clearfix\"><\/div><\/div><\/div><\/div><\/div><div class=\"fusion-fullwidth fullwidth-box fusion-builder-row-2 hundred-percent-fullwidth non-hundred-percent-height-scrolling\" style=\"--awb-background-position:left top;--awb-border-sizes-top:0px;--awb-border-sizes-bottom:0px;--awb-border-sizes-left:0px;--awb-border-sizes-right:0px;--awb-border-radius-top-left:0px;--awb-border-radius-top-right:0px;--awb-border-radius-bottom-right:0px;--awb-border-radius-bottom-left:0px;--awb-padding-top:0px;--awb-padding-right:5%;--awb-padding-bottom:0px;--awb-padding-left:5%;--awb-background-color:#ffffff;--awb-flex-wrap:wrap;\" id=\"optimizacion\" ><div class=\"fusion-builder-row fusion-row\"><div class=\"fusion-layout-column fusion_builder_column fusion-builder-column-1 fusion_builder_column_1_2 1_2 fusion-one-half fusion-column-first\" style=\"--awb-padding-top:0px;--awb-padding-right:30px;--awb-bg-size:cover;width:48%; margin-right: 4%;\"><div class=\"fusion-column-wrapper fusion-flex-column-wrapper-legacy\"><div class=\"fusion-text fusion-text-2\" style=\"--awb-margin-left:15%;\"><h3>OTIMIZA\u00c7\u00c3O FISCAL<\/h3>\n<p>Revis\u00e3o do Valor Patrimonial Tribut\u00e1rio e dos impostos que lhe est\u00e3o relacionados (IMI, IMT)<\/p>\n<p>Revis\u00e3o do IMI<\/p>\n<p>Isen\u00e7\u00f5es no IMI e IMT<\/p>\n<p>Pedido de nova avalia\u00e7\u00e3o do im\u00f3vel<\/p>\n<\/div><div class=\"fusion-clearfix\"><\/div><\/div><\/div><div class=\"fusion-layout-column fusion_builder_column fusion-builder-column-2 fusion_builder_column_1_2 1_2 fusion-one-half fusion-column-last\" style=\"--awb-padding-top:30px;--awb-bg-size:cover;width:48%;\"><div class=\"fusion-column-wrapper fusion-flex-column-wrapper-legacy\"><div class=\"fusion-image-element in-legacy-container\" style=\"--awb-max-width:600px;--awb-caption-title-font-family:var(--h2_typography-font-family);--awb-caption-title-font-weight:var(--h2_typography-font-weight);--awb-caption-title-font-style:var(--h2_typography-font-style);--awb-caption-title-size:var(--h2_typography-font-size);--awb-caption-title-transform:var(--h2_typography-text-transform);--awb-caption-title-line-height:var(--h2_typography-line-height);--awb-caption-title-letter-spacing:var(--h2_typography-letter-spacing);\"><span class=\" fusion-imageframe imageframe-dropshadow imageframe-1 hover-type-zoomout fusion-animated\" style=\"border:10px solid #f6f6f6;-webkit-box-shadow: 3px 3px 7px rgba(0,0,0,0.3);box-shadow: 3px 3px 7px rgba(0,0,0,0.3);\" data-animationType=\"bounceInLeft\" data-animationDuration=\"0.9\" data-animationOffset=\"top-into-view\"><img decoding=\"async\" width=\"600\" height=\"400\" src=\"https:\/\/isabelferreirua.com\/wp-content\/uploads\/2022\/10\/optimacion-impuestos_600x400.jpg\" alt class=\"img-responsive wp-image-555\" srcset=\"https:\/\/isabelferreirua.com\/wp-content\/uploads\/2022\/10\/optimacion-impuestos_600x400-200x133.jpg 200w, https:\/\/isabelferreirua.com\/wp-content\/uploads\/2022\/10\/optimacion-impuestos_600x400-400x267.jpg 400w, https:\/\/isabelferreirua.com\/wp-content\/uploads\/2022\/10\/optimacion-impuestos_600x400.jpg 600w\" sizes=\"(max-width: 800px) 100vw, 600px\" \/><\/span><\/div><div class=\"fusion-clearfix\"><\/div><\/div><\/div><\/div><\/div><div class=\"fusion-fullwidth fullwidth-box fusion-builder-row-3 hundred-percent-fullwidth non-hundred-percent-height-scrolling\" style=\"--awb-background-position:left top;--awb-border-sizes-top:0px;--awb-border-sizes-bottom:0px;--awb-border-sizes-left:0px;--awb-border-sizes-right:0px;--awb-border-radius-top-left:0px;--awb-border-radius-top-right:0px;--awb-border-radius-bottom-right:0px;--awb-border-radius-bottom-left:0px;--awb-padding-top:0px;--awb-padding-right:5%;--awb-padding-bottom:0px;--awb-padding-left:5%;--awb-background-color:#ffffff;--awb-flex-wrap:wrap;\" id=\"optimizacion\" ><div class=\"fusion-builder-row fusion-row\"><div class=\"fusion-layout-column fusion_builder_column fusion-builder-column-3 fusion_builder_column_1_1 1_1 fusion-one-full fusion-column-first fusion-column-last\" style=\"--awb-padding-top:30px;--awb-bg-size:cover;\"><div class=\"fusion-column-wrapper fusion-flex-column-wrapper-legacy\"><div class=\"fusion-sep-clear\"><\/div><div class=\"fusion-separator\" style=\"margin-left: auto;margin-right: auto;margin-top:5%;margin-bottom:0px;width:100%;max-width:15%;\"><\/div><div class=\"fusion-sep-clear\"><\/div><div class=\"fusion-clearfix\"><\/div><\/div><\/div><div class=\"fusion-layout-column fusion_builder_column fusion-builder-column-4 fusion_builder_column_1_2 1_2 fusion-one-half fusion-column-first\" style=\"--awb-padding-top:0px;--awb-padding-right:30px;--awb-bg-size:cover;width:48%; margin-right: 4%;\"><div class=\"fusion-column-wrapper fusion-flex-column-wrapper-legacy\"><div class=\"fusion-text fusion-text-3\" style=\"--awb-margin-left:15%;\"><h3>GEST\u00c3O, LICENCIAMENTOS E REPORTES<\/h3>\n<p>A\u00e7\u00e3o perante qualquer entidade p\u00fablica ou privada<\/p>\n<p>Auditorias (trabalhos\/energia)<\/p>\n<p>Gest\u00e3o e processamento de licen\u00e7as (trabalho\/atividade)<\/p>\n<p>Legaliza\u00e7\u00e3o de projetos (arquitetura\/engenharia)<\/p>\n<p>Prepara\u00e7\u00e3o de planos de sa\u00fade e seguran\u00e7a (PSS)<\/p>\n<p>Coordena\u00e7\u00e3o da seguran\u00e7a e da sa\u00fade no local (CSS)<\/p>\n<p>Elabora\u00e7\u00e3o de planos e relat\u00f3rios t\u00e9cnicos<\/p>\n<p>Certificados de Desempenho Energ\u00e9tico CEE<\/p>\n<\/div><div class=\"fusion-clearfix\"><\/div><\/div><\/div><div class=\"fusion-layout-column fusion_builder_column fusion-builder-column-5 fusion_builder_column_1_2 1_2 fusion-one-half fusion-column-last\" style=\"--awb-padding-top:30px;--awb-bg-size:cover;width:48%;\"><div class=\"fusion-column-wrapper fusion-flex-column-wrapper-legacy\"><div class=\"fusion-image-element in-legacy-container\" style=\"--awb-max-width:600px;--awb-caption-title-font-family:var(--h2_typography-font-family);--awb-caption-title-font-weight:var(--h2_typography-font-weight);--awb-caption-title-font-style:var(--h2_typography-font-style);--awb-caption-title-size:var(--h2_typography-font-size);--awb-caption-title-transform:var(--h2_typography-text-transform);--awb-caption-title-line-height:var(--h2_typography-line-height);--awb-caption-title-letter-spacing:var(--h2_typography-letter-spacing);\"><span class=\" fusion-imageframe imageframe-dropshadow imageframe-2 hover-type-zoomout fusion-animated\" style=\"border:10px solid #f6f6f6;-webkit-box-shadow: 3px 3px 7px rgba(0,0,0,0.3);box-shadow: 3px 3px 7px rgba(0,0,0,0.3);\" data-animationType=\"bounceInLeft\" data-animationDuration=\"0.9\" data-animationOffset=\"top-into-view\"><img decoding=\"async\" width=\"700\" height=\"525\" title=\"isabel_ferreirua\" src=\"https:\/\/isabelferreirua.com\/wp-content\/uploads\/2025\/09\/isabel_ferreirua-1.jpg\" alt class=\"img-responsive wp-image-1426\" srcset=\"https:\/\/isabelferreirua.com\/wp-content\/uploads\/2025\/09\/isabel_ferreirua-1-200x150.jpg 200w, https:\/\/isabelferreirua.com\/wp-content\/uploads\/2025\/09\/isabel_ferreirua-1-400x300.jpg 400w, https:\/\/isabelferreirua.com\/wp-content\/uploads\/2025\/09\/isabel_ferreirua-1-600x450.jpg 600w, https:\/\/isabelferreirua.com\/wp-content\/uploads\/2025\/09\/isabel_ferreirua-1.jpg 700w\" sizes=\"(max-width: 800px) 100vw, 600px\" \/><\/span><\/div><div class=\"fusion-clearfix\"><\/div><\/div><\/div><\/div><\/div><div class=\"fusion-fullwidth fullwidth-box fusion-builder-row-4 hundred-percent-fullwidth non-hundred-percent-height-scrolling\" style=\"--awb-background-position:left top;--awb-border-sizes-top:0px;--awb-border-sizes-bottom:0px;--awb-border-sizes-left:0px;--awb-border-sizes-right:0px;--awb-border-radius-top-left:0px;--awb-border-radius-top-right:0px;--awb-border-radius-bottom-right:0px;--awb-border-radius-bottom-left:0px;--awb-padding-top:0px;--awb-padding-right:5%;--awb-padding-bottom:0px;--awb-padding-left:5%;--awb-background-color:#ffffff;--awb-flex-wrap:wrap;\" id=\"optimizacion\" ><div class=\"fusion-builder-row fusion-row\"><div class=\"fusion-layout-column fusion_builder_column fusion-builder-column-6 fusion_builder_column_1_1 1_1 fusion-one-full fusion-column-first fusion-column-last\" style=\"--awb-padding-top:30px;--awb-bg-size:cover;\"><div class=\"fusion-column-wrapper fusion-flex-column-wrapper-legacy\"><div class=\"fusion-sep-clear\"><\/div><div class=\"fusion-separator\" style=\"margin-left: auto;margin-right: auto;margin-top:5%;margin-bottom:0px;width:100%;max-width:15%;\"><\/div><div class=\"fusion-sep-clear\"><\/div><div class=\"fusion-clearfix\"><\/div><\/div><\/div><div class=\"fusion-layout-column fusion_builder_column fusion-builder-column-7 fusion_builder_column_1_2 1_2 fusion-one-half fusion-column-first\" style=\"--awb-padding-top:0px;--awb-padding-right:30px;--awb-bg-size:cover;width:48%; margin-right: 4%;\"><div class=\"fusion-column-wrapper fusion-flex-column-wrapper-legacy\"><div class=\"fusion-text fusion-text-4\" style=\"--awb-margin-left:15%;\"><h3>IMPLEMENTA\u00c7\u00c3O EM PORTUGAL-ESPANHA<\/h3>\n<p>Gest\u00e3o dos procedimentos necess\u00e1rios para criar uma empresa em Portugal<\/p>\n<p>Homologa\u00e7\u00e3o de graus entre Espanha-Portugal, Portugal-Espanha.<\/p>\n<p>Legaliza\u00e7\u00e3o de projetos em Portugal<\/p>\n<p>Tradu\u00e7\u00f5es juradas<\/p>\n<p>Apostila da Haia<\/p>\n<\/div><div class=\"fusion-clearfix\"><\/div><\/div><\/div><div class=\"fusion-layout-column fusion_builder_column fusion-builder-column-8 fusion_builder_column_1_2 1_2 fusion-one-half fusion-column-last\" style=\"--awb-padding-top:30px;--awb-bg-size:cover;width:48%;\"><div class=\"fusion-column-wrapper fusion-flex-column-wrapper-legacy\"><div class=\"fusion-image-element in-legacy-container\" style=\"--awb-max-width:600px;--awb-caption-title-font-family:var(--h2_typography-font-family);--awb-caption-title-font-weight:var(--h2_typography-font-weight);--awb-caption-title-font-style:var(--h2_typography-font-style);--awb-caption-title-size:var(--h2_typography-font-size);--awb-caption-title-transform:var(--h2_typography-text-transform);--awb-caption-title-line-height:var(--h2_typography-line-height);--awb-caption-title-letter-spacing:var(--h2_typography-letter-spacing);\"><span class=\" fusion-imageframe imageframe-dropshadow imageframe-3 hover-type-zoomout fusion-animated\" style=\"border:10px solid #f6f6f6;-webkit-box-shadow: 3px 3px 7px rgba(0,0,0,0.3);box-shadow: 3px 3px 7px rgba(0,0,0,0.3);\" data-animationType=\"bounceInLeft\" data-animationDuration=\"0.9\" data-animationOffset=\"top-into-view\"><img decoding=\"async\" width=\"600\" height=\"400\" src=\"https:\/\/isabelferreirua.com\/wp-content\/uploads\/2022\/10\/banderas_600x400.jpg\" alt class=\"img-responsive wp-image-549\" srcset=\"https:\/\/isabelferreirua.com\/wp-content\/uploads\/2022\/10\/banderas_600x400-200x133.jpg 200w, https:\/\/isabelferreirua.com\/wp-content\/uploads\/2022\/10\/banderas_600x400-400x267.jpg 400w, https:\/\/isabelferreirua.com\/wp-content\/uploads\/2022\/10\/banderas_600x400.jpg 600w\" sizes=\"(max-width: 800px) 100vw, 600px\" \/><\/span><\/div><div class=\"fusion-clearfix\"><\/div><\/div><\/div><\/div><\/div><div class=\"fusion-fullwidth fullwidth-box fusion-builder-row-5 hundred-percent-fullwidth non-hundred-percent-height-scrolling\" style=\"--awb-background-position:left top;--awb-border-sizes-top:0px;--awb-border-sizes-bottom:0px;--awb-border-sizes-left:0px;--awb-border-sizes-right:0px;--awb-border-radius-top-left:0px;--awb-border-radius-top-right:0px;--awb-border-radius-bottom-right:0px;--awb-border-radius-bottom-left:0px;--awb-padding-top:0px;--awb-padding-right:0px;--awb-padding-bottom:0px;--awb-padding-left:0px;--awb-background-color:#ffffff;--awb-flex-wrap:wrap;\" ><div class=\"fusion-builder-row fusion-row\"><div class=\"fusion-layout-column fusion_builder_column fusion-builder-column-9 fusion_builder_column_1_1 1_1 fusion-one-full fusion-column-first fusion-column-last\" style=\"--awb-padding-top:10%;--awb-padding-right:10%;--awb-padding-bottom:0px;--awb-padding-left:10%;--awb-bg-color:#ffffff;--awb-bg-color-hover:#ffffff;--awb-bg-size:cover;--awb-margin-bottom:0px;\"><div class=\"fusion-column-wrapper fusion-flex-column-wrapper-legacy\"><div class=\"fusion-text fusion-text-5 fusion-text-no-margin\" style=\"--awb-margin-bottom:30px;\"><h2 style=\"text-align: center;\">\u00c2mbito dos servi\u00e7os<\/h2>\n<\/div><div class=\"fusion-sep-clear\"><\/div><div class=\"fusion-separator\" style=\"margin-left: auto;margin-right: auto;margin-top:0px;margin-bottom:0px;width:100%;max-width:15%;\"><div class=\"fusion-separator-border sep-single sep-solid\" style=\"--awb-height:20px;--awb-amount:20px;--awb-sep-color:#e1a833;border-color:#e1a833;border-top-width:1px;\"><\/div><\/div><div class=\"fusion-sep-clear\"><\/div><div class=\"fusion-clearfix\"><\/div><\/div><\/div><div class=\"fusion-layout-column fusion_builder_column fusion-builder-column-10 fusion_builder_column_1_2 1_2 fusion-one-half fusion-column-first\" style=\"--awb-padding-top:30px;--awb-padding-left:15%;--awb-bg-size:cover;width:48%; margin-right: 4%;\"><div class=\"fusion-column-wrapper fusion-column-has-shadow fusion-flex-column-wrapper-legacy\"><div class=\"fusion-image-element in-legacy-container\" style=\"--awb-margin-left:10%;--awb-max-width:600px;--awb-caption-title-font-family:var(--h2_typography-font-family);--awb-caption-title-font-weight:var(--h2_typography-font-weight);--awb-caption-title-font-style:var(--h2_typography-font-style);--awb-caption-title-size:var(--h2_typography-font-size);--awb-caption-title-transform:var(--h2_typography-text-transform);--awb-caption-title-line-height:var(--h2_typography-line-height);--awb-caption-title-letter-spacing:var(--h2_typography-letter-spacing);\"><span class=\" fusion-imageframe imageframe-dropshadow imageframe-4 hover-type-zoomout fusion-animated\" style=\"border:10px solid #f6f6f6;-webkit-box-shadow: 3px 3px 7px rgba(0,0,0,0.3);box-shadow: 3px 3px 7px rgba(0,0,0,0.3);\" data-animationType=\"bounceInLeft\" data-animationDuration=\"0.9\" data-animationOffset=\"top-into-view\"><img decoding=\"async\" width=\"600\" height=\"400\" src=\"https:\/\/isabelferreirua.com\/wp-content\/uploads\/2022\/10\/servicios_600x400.jpg\" alt class=\"img-responsive wp-image-547\" srcset=\"https:\/\/isabelferreirua.com\/wp-content\/uploads\/2022\/10\/servicios_600x400-200x133.jpg 200w, https:\/\/isabelferreirua.com\/wp-content\/uploads\/2022\/10\/servicios_600x400-400x267.jpg 400w, https:\/\/isabelferreirua.com\/wp-content\/uploads\/2022\/10\/servicios_600x400.jpg 600w\" sizes=\"(max-width: 800px) 100vw, 600px\" \/><\/span><\/div><div class=\"fusion-clearfix\"><\/div><\/div><\/div><div class=\"fusion-layout-column fusion_builder_column fusion-builder-column-11 fusion_builder_column_1_2 1_2 fusion-one-half fusion-column-last\" style=\"--awb-padding-top:80px;--awb-padding-right:30px;--awb-bg-size:cover;width:48%;\"><div class=\"fusion-column-wrapper fusion-flex-column-wrapper-legacy\"><div class=\"fusion-text fusion-text-6\" style=\"--awb-margin-right:5%;--awb-margin-left:5%;\"><p>Temos grande conhecimento em mat\u00e9ria da legisla\u00e7\u00e3o t\u00e9cnica e regulamenta\u00e7\u00e3o espec\u00edfica em diferentes dom\u00ednios dentro dos servi\u00e7os que oferecemos, bem como experi\u00eancia em tratar com as diferentes administra\u00e7\u00f5es envolvidas no processo, p\u00fablicas e privadas.<\/p>\n<p>Acompanhamos e aconselhamos ao cliente em todas as fases, procurando solu\u00e7\u00f5es imediatas a acontecimentos inesperados, com vista a cumprir os objetivos a que nos propomos, no prazo estipulado.<\/p>\n<\/div><div class=\"fusion-clearfix\"><\/div><\/div><\/div><\/div><\/div><\/p>\n","protected":false},"excerpt":{"rendered":"","protected":false},"author":1,"featured_media":0,"parent":0,"menu_order":0,"comment_status":"closed","ping_status":"closed","template":"100-width.php","meta":{"footnotes":""},"class_list":["post-449","page","type-page","status-publish","hentry"],"_links":{"self":[{"href":"https:\/\/isabelferreirua.com\/pt-pt\/wp-json\/wp\/v2\/pages\/449","targetHints":{"allow":["GET"]}}],"collection":[{"href":"https:\/\/isabelferreirua.com\/pt-pt\/wp-json\/wp\/v2\/pages"}],"about":[{"href":"https:\/\/isabelferreirua.com\/pt-pt\/wp-json\/wp\/v2\/types\/page"}],"author":[{"embeddable":true,"href":"https:\/\/isabelferreirua.com\/pt-pt\/wp-json\/wp\/v2\/users\/1"}],"replies":[{"embeddable":true,"href":"https:\/\/isabelferreirua.com\/pt-pt\/wp-json\/wp\/v2\/comments?post=449"}],"version-history":[{"count":31,"href":"https:\/\/isabelferreirua.com\/pt-pt\/wp-json\/wp\/v2\/pages\/449\/revisions"}],"predecessor-version":[{"id":1428,"href":"https:\/\/isabelferreirua.com\/pt-pt\/wp-json\/wp\/v2\/pages\/449\/revisions\/1428"}],"wp:attachment":[{"href":"https:\/\/isabelferreirua.com\/pt-pt\/wp-json\/wp\/v2\/media?parent=449"}],"curies":[{"name":"wp","href":"https:\/\/api.w.org\/{rel}","templated":true}]}}