{"id":458,"date":"2016-06-18T11:01:52","date_gmt":"2016-06-18T09:01:52","guid":{"rendered":"http:\/\/isabelferreirua.com\/perguntas-frequentes\/"},"modified":"2022-10-01T10:48:54","modified_gmt":"2022-10-01T08:48:54","slug":"perguntas-frequentes","status":"publish","type":"page","link":"https:\/\/isabelferreirua.com\/pt-pt\/perguntas-frequentes\/","title":{"rendered":"PERGUNTAS FREQUENTES"},"content":{"rendered":"<div class=\"fusion-fullwidth fullwidth-box fusion-builder-row-1 nonhundred-percent-fullwidth non-hundred-percent-height-scrolling\" style=\"--awb-background-position:left top;--awb-border-sizes-top:0px;--awb-border-sizes-bottom:0px;--awb-border-sizes-left:0px;--awb-border-sizes-right:0px;--awb-border-radius-top-left:0px;--awb-border-radius-top-right:0px;--awb-border-radius-bottom-right:0px;--awb-border-radius-bottom-left:0px;--awb-padding-top:20px;--awb-padding-bottom:20px;--awb-flex-wrap:wrap;\" ><div class=\"fusion-builder-row fusion-row\"><div class=\"fusion-layout-column fusion_builder_column fusion-builder-column-0 fusion_builder_column_1_1 1_1 fusion-one-full fusion-column-first fusion-column-last\" style=\"--awb-bg-size:cover;\"><div class=\"fusion-column-wrapper fusion-flex-column-wrapper-legacy\"><div class=\"accordian fusion-accordian\" style=\"--awb-border-size:1px;--awb-icon-size:13px;--awb-content-font-size:18px;--awb-icon-alignment:left;--awb-hover-color:#f9f9f9;--awb-border-color:#cccccc;--awb-background-color:#ffffff;--awb-divider-color:#e0dede;--awb-divider-hover-color:#e0dede;--awb-icon-color:#ffffff;--awb-title-color:#ebc679;--awb-content-color:#747474;--awb-icon-box-color:#333333;--awb-toggle-hover-accent-color:#e1a833;--awb-title-font-family:&quot;Raleway&quot;;--awb-title-font-weight:700;--awb-title-font-style:normal;--awb-title-font-size:18px;--awb-title-line-height:1.5;--awb-content-font-family:&quot;Raleway&quot;;--awb-content-font-style:normal;--awb-content-font-weight:400;\"><div class=\"panel-group fusion-toggle-icon-boxed\" id=\"accordion-458-1\"><div class=\"fusion-panel panel-default panel-ad2edb7feb9097f73 fusion-toggle-has-divider\"><div class=\"panel-heading\"><h4 class=\"panel-title toggle\" id=\"toggle_ad2edb7feb9097f73\"><a class=\"active\" aria-expanded=\"true\" aria-controls=\"ad2edb7feb9097f73\" role=\"button\" data-toggle=\"collapse\" data-parent=\"#accordion-458-1\" data-target=\"#ad2edb7feb9097f73\" href=\"#ad2edb7feb9097f73\"><span class=\"fusion-toggle-icon-wrapper\" aria-hidden=\"true\"><i class=\"fa-fusion-box active-icon awb-icon-minus\" aria-hidden=\"true\"><\/i><i class=\"fa-fusion-box inactive-icon awb-icon-plus\" aria-hidden=\"true\"><\/i><\/span><span class=\"fusion-toggle-heading\">UM PROJETO DE REFORMA ELABORADO EM ESPANHA \u00c9 V\u00c1LIDO PARA UM LOCAL EM PORTUGAL?<\/span><\/a><\/h4><\/div><div id=\"ad2edb7feb9097f73\" class=\"panel-collapse collapse in\" aria-labelledby=\"toggle_ad2edb7feb9097f73\"><div class=\"panel-body toggle-content fusion-clearfix\">\n<p><span style=\"font-weight: 400;\">N\u00e3o, o projeto teria de ser legalizado em Portugal.<\/span><\/p>\n<\/div><\/div><\/div><div class=\"fusion-panel panel-default panel-60d98530cf426a13a fusion-toggle-has-divider\"><div class=\"panel-heading\"><h4 class=\"panel-title toggle\" id=\"toggle_60d98530cf426a13a\"><a aria-expanded=\"false\" aria-controls=\"60d98530cf426a13a\" role=\"button\" data-toggle=\"collapse\" data-parent=\"#accordion-458-1\" data-target=\"#60d98530cf426a13a\" href=\"#60d98530cf426a13a\"><span class=\"fusion-toggle-icon-wrapper\" aria-hidden=\"true\"><i class=\"fa-fusion-box active-icon awb-icon-minus\" aria-hidden=\"true\"><\/i><i class=\"fa-fusion-box inactive-icon awb-icon-plus\" aria-hidden=\"true\"><\/i><\/span><span class=\"fusion-toggle-heading\">O QUE SE ENTENDE POR LEGALIZAR UM PROJETO?<\/span><\/a><\/h4><\/div><div id=\"60d98530cf426a13a\" class=\"panel-collapse collapse \" aria-labelledby=\"toggle_60d98530cf426a13a\"><div class=\"panel-body toggle-content fusion-clearfix\">\n<p><span style=\"font-weight: 400;\">Para instalar o seu neg\u00f3cio numa loja em centro comercial ou num estabelecimento de rua, ter\u00e1 diferentes procedimentos a realizar. \u00c9 necess\u00e1ria a apresenta\u00e7\u00e3o do licenciamento atrav\u00e9s da apresenta\u00e7\u00e3o dos projetos de arquitetura, interiores e especialidades, devidamente assinados por profissionais habilitados- arquitetos e engenheiros, devidamente creditados em Portugal.<\/span><\/p>\n<\/div><\/div><\/div><div class=\"fusion-panel panel-default panel-76bab0f64c644afb4 fusion-toggle-has-divider\"><div class=\"panel-heading\"><h4 class=\"panel-title toggle\" id=\"toggle_76bab0f64c644afb4\"><a aria-expanded=\"false\" aria-controls=\"76bab0f64c644afb4\" role=\"button\" data-toggle=\"collapse\" data-parent=\"#accordion-458-1\" data-target=\"#76bab0f64c644afb4\" href=\"#76bab0f64c644afb4\"><span class=\"fusion-toggle-icon-wrapper\" aria-hidden=\"true\"><i class=\"fa-fusion-box active-icon awb-icon-minus\" aria-hidden=\"true\"><\/i><i class=\"fa-fusion-box inactive-icon awb-icon-plus\" aria-hidden=\"true\"><\/i><\/span><span class=\"fusion-toggle-heading\">TENHO DE PEDIR UMA LICEN\u00c7A DE CONSTRU\u00c7\u00c3O?<\/span><\/a><\/h4><\/div><div id=\"76bab0f64c644afb4\" class=\"panel-collapse collapse \" aria-labelledby=\"toggle_76bab0f64c644afb4\"><div class=\"panel-body toggle-content fusion-clearfix\">\n<p><span style=\"font-weight: 400;\">Nem sempre Em muitos casos, basta com uma <\/span><b><i>Comunica\u00e7\u00e3o Pr\u00e9via<\/i><\/b> <b>\u00e0 C\u00e2mara Municipal.<\/b><\/p>\n<\/div><\/div><\/div><div class=\"fusion-panel panel-default panel-00f31ec4ee4da48d5 fusion-toggle-has-divider\"><div class=\"panel-heading\"><h4 class=\"panel-title toggle\" id=\"toggle_00f31ec4ee4da48d5\"><a aria-expanded=\"false\" aria-controls=\"00f31ec4ee4da48d5\" role=\"button\" data-toggle=\"collapse\" data-parent=\"#accordion-458-1\" data-target=\"#00f31ec4ee4da48d5\" href=\"#00f31ec4ee4da48d5\"><span class=\"fusion-toggle-icon-wrapper\" aria-hidden=\"true\"><i class=\"fa-fusion-box active-icon awb-icon-minus\" aria-hidden=\"true\"><\/i><i class=\"fa-fusion-box inactive-icon awb-icon-plus\" aria-hidden=\"true\"><\/i><\/span><span class=\"fusion-toggle-heading\">QUEREMOS ABRIR UMA NOVA LOJA EM PORTUGAL<\/span><\/a><\/h4><\/div><div id=\"00f31ec4ee4da48d5\" class=\"panel-collapse collapse \" aria-labelledby=\"toggle_00f31ec4ee4da48d5\"><div class=\"panel-body toggle-content fusion-clearfix\">\n<p><span style=\"font-weight: 400;\">Apoi\u00e1mo-lo e auxili\u00e1mo-lo em todos os aspetos necess\u00e1rios, para que a sua \u00fanica preocupa\u00e7\u00e3o passe pela gest\u00e3o do neg\u00f3cio. Podemos acompanh\u00e1-lo desde a procura do local ideal, inscri\u00e7\u00f5es necess\u00e1rias nas diferentes organiza\u00e7\u00f5es, elabora\u00e7\u00e3o do contrato de arrendamento, projeto, licen\u00e7as e trabalho&#8230; <\/span><\/p>\n<\/div><\/div><\/div><div class=\"fusion-panel panel-default panel-79286fbe3b764484e fusion-toggle-has-divider\"><div class=\"panel-heading\"><h4 class=\"panel-title toggle\" id=\"toggle_79286fbe3b764484e\"><a aria-expanded=\"false\" aria-controls=\"79286fbe3b764484e\" role=\"button\" data-toggle=\"collapse\" data-parent=\"#accordion-458-1\" data-target=\"#79286fbe3b764484e\" href=\"#79286fbe3b764484e\"><span class=\"fusion-toggle-icon-wrapper\" aria-hidden=\"true\"><i class=\"fa-fusion-box active-icon awb-icon-minus\" aria-hidden=\"true\"><\/i><i class=\"fa-fusion-box inactive-icon awb-icon-plus\" aria-hidden=\"true\"><\/i><\/span><span class=\"fusion-toggle-heading\">PODE CUIDAR DOS ACABAMENTOS PENDENTES DE UM ESPA\u00c7O QUE ACABAMOS DE INAUGURAR?<\/span><\/a><\/h4><\/div><div id=\"79286fbe3b764484e\" class=\"panel-collapse collapse \" aria-labelledby=\"toggle_79286fbe3b764484e\"><div class=\"panel-body toggle-content fusion-clearfix\">\n<p><span style=\"font-weight: 400;\">Sim. Colaboramos com profissionais locais que terminar\u00e3o os trabalhos pendentes para que n\u00e3o tenha de enviar l\u00e1 ao seu pessoal novamente.<\/span><\/p>\n<\/div><\/div><\/div><div class=\"fusion-panel panel-default panel-a6247cec7f4062296 fusion-toggle-has-divider\"><div class=\"panel-heading\"><h4 class=\"panel-title toggle\" id=\"toggle_a6247cec7f4062296\"><a aria-expanded=\"false\" aria-controls=\"a6247cec7f4062296\" role=\"button\" data-toggle=\"collapse\" data-parent=\"#accordion-458-1\" data-target=\"#a6247cec7f4062296\" href=\"#a6247cec7f4062296\"><span class=\"fusion-toggle-icon-wrapper\" aria-hidden=\"true\"><i class=\"fa-fusion-box active-icon awb-icon-minus\" aria-hidden=\"true\"><\/i><i class=\"fa-fusion-box inactive-icon awb-icon-plus\" aria-hidden=\"true\"><\/i><\/span><span class=\"fusion-toggle-heading\">VERIFICAM SE A DOCUMENTA\u00c7\u00c3O DAS INSTALA\u00c7\u00d5ES QUE ABRIMOS EM PORTUGAL EST\u00c1 EM ORDEM?<\/span><\/a><\/h4><\/div><div id=\"a6247cec7f4062296\" class=\"panel-collapse collapse \" aria-labelledby=\"toggle_a6247cec7f4062296\"><div class=\"panel-body toggle-content fusion-clearfix\">\n<p><span style=\"font-weight: 400;\">Sim. Tratamos de obter, junto das entidades competentes, os comprovativos e licen\u00e7as que certificam que tudo est\u00e1 em ordem<\/span><\/p>\n<\/div><\/div><\/div><div class=\"fusion-panel panel-default panel-d20c73cedb6db3647 fusion-toggle-has-divider\"><div class=\"panel-heading\"><h4 class=\"panel-title toggle\" id=\"toggle_d20c73cedb6db3647\"><a aria-expanded=\"false\" aria-controls=\"d20c73cedb6db3647\" role=\"button\" data-toggle=\"collapse\" data-parent=\"#accordion-458-1\" data-target=\"#d20c73cedb6db3647\" href=\"#d20c73cedb6db3647\"><span class=\"fusion-toggle-icon-wrapper\" aria-hidden=\"true\"><i class=\"fa-fusion-box active-icon awb-icon-minus\" aria-hidden=\"true\"><\/i><i class=\"fa-fusion-box inactive-icon awb-icon-plus\" aria-hidden=\"true\"><\/i><\/span><span class=\"fusion-toggle-heading\">QUAIS S\u00c3O AS VANTAGENS DO SISTEMA FISCAL PORTUGU\u00caS?<\/span><\/a><\/h4><\/div><div id=\"d20c73cedb6db3647\" class=\"panel-collapse collapse \" aria-labelledby=\"toggle_d20c73cedb6db3647\"><div class=\"panel-body toggle-content fusion-clearfix\">\n<p><span style=\"font-weight: 400;\">No sistema fiscal portugu\u00eas n\u00e3o existe imposto sobre o patrim\u00f3nio, nem imposto sobre presentes ou heran\u00e7a.<\/span><\/p>\n<\/div><\/div><\/div><div class=\"fusion-panel panel-default panel-c5e522bdf6d9a4047 fusion-toggle-has-divider\"><div class=\"panel-heading\"><h4 class=\"panel-title toggle\" id=\"toggle_c5e522bdf6d9a4047\"><a aria-expanded=\"false\" aria-controls=\"c5e522bdf6d9a4047\" role=\"button\" data-toggle=\"collapse\" data-parent=\"#accordion-458-1\" data-target=\"#c5e522bdf6d9a4047\" href=\"#c5e522bdf6d9a4047\"><span class=\"fusion-toggle-icon-wrapper\" aria-hidden=\"true\"><i class=\"fa-fusion-box active-icon awb-icon-minus\" aria-hidden=\"true\"><\/i><i class=\"fa-fusion-box inactive-icon awb-icon-plus\" aria-hidden=\"true\"><\/i><\/span><span class=\"fusion-toggle-heading\">TENHO BENEF\u00cdCIOS FISCAIS POR SER RESIDENTE N\u00c3O HABITUAL EM PORTUGAL?<\/span><\/a><\/h4><\/div><div id=\"c5e522bdf6d9a4047\" class=\"panel-collapse collapse \" aria-labelledby=\"toggle_c5e522bdf6d9a4047\"><div class=\"panel-body toggle-content fusion-clearfix\">\n<p><span style=\"font-weight: 400;\">Sim, desde 2009 existe um regime especial que permite, durante 10 anos, <\/span><b>n\u00e3o ser tributado em <\/b><span style=\"font-weight: 400;\"> quase nenhum dos <\/span><b>rendimentos gerados no estrangeiro<\/b><span style=\"font-weight: 400;\">, al\u00e9m de <\/span><b>usufruir de uma taxa fixa de tributa\u00e7\u00e3o <\/b><span style=\"font-weight: 400;\"> para a maior parte dos rendimentos do trabalho e atividades profissionais de elevado valor acrescentado geradas a partir de Portugal. E tamb\u00e9m t\u00eam benef\u00edcios fiscais sobre pens\u00f5es de reforma de origem estrangeira.<\/span><\/p>\n<\/div><\/div><\/div><div class=\"fusion-panel panel-default panel-07825f3d06b629b24 fusion-toggle-has-divider\"><div class=\"panel-heading\"><h4 class=\"panel-title toggle\" id=\"toggle_07825f3d06b629b24\"><a aria-expanded=\"false\" aria-controls=\"07825f3d06b629b24\" role=\"button\" data-toggle=\"collapse\" data-parent=\"#accordion-458-1\" data-target=\"#07825f3d06b629b24\" href=\"#07825f3d06b629b24\"><span class=\"fusion-toggle-icon-wrapper\" aria-hidden=\"true\"><i class=\"fa-fusion-box active-icon awb-icon-minus\" aria-hidden=\"true\"><\/i><i class=\"fa-fusion-box inactive-icon awb-icon-plus\" aria-hidden=\"true\"><\/i><\/span><span class=\"fusion-toggle-heading\">TENHO BENEF\u00cdCIOS FISCAIS POR SER RESIDENTE N\u00c3O HABITUAL EM ESPANHA?<\/span><\/a><\/h4><\/div><div id=\"07825f3d06b629b24\" class=\"panel-collapse collapse \" aria-labelledby=\"toggle_07825f3d06b629b24\"><div class=\"panel-body toggle-content fusion-clearfix\">\n<p>O<strong> Regime Especial para os trabalhadores destacados para territ\u00f3rio espanhol <\/strong> na Lei do Imposto sobre o IRPF, <a href=\"https:\/\/www.conceptosjuridicos.com\/irpf\/\" target=\"_blank\" rel=\"noopener\">IRPF<\/a>, coloquialmente denominada <strong>Lei Beckham<\/strong>, \u00e9 um regime fiscal especial que oferece <strong>benef\u00edcios fiscais <\/strong>para aqueles que transferem a sua resid\u00eancia para Espanha por causa do seu trabalho.<\/p>\n<\/div><\/div><\/div><div class=\"fusion-panel panel-default panel-0672340a294ad5bf4 fusion-toggle-has-divider\"><div class=\"panel-heading\"><h4 class=\"panel-title toggle\" id=\"toggle_0672340a294ad5bf4\"><a aria-expanded=\"false\" aria-controls=\"0672340a294ad5bf4\" role=\"button\" data-toggle=\"collapse\" data-parent=\"#accordion-458-1\" data-target=\"#0672340a294ad5bf4\" href=\"#0672340a294ad5bf4\"><span class=\"fusion-toggle-icon-wrapper\" aria-hidden=\"true\"><i class=\"fa-fusion-box active-icon awb-icon-minus\" aria-hidden=\"true\"><\/i><i class=\"fa-fusion-box inactive-icon awb-icon-plus\" aria-hidden=\"true\"><\/i><\/span><span class=\"fusion-toggle-heading\">O QUE \u00c9 O VALOR PATRIMONIAL DO IMPOSTO VPT?<\/span><\/a><\/h4><\/div><div id=\"0672340a294ad5bf4\" class=\"panel-collapse collapse \" aria-labelledby=\"toggle_0672340a294ad5bf4\"><div class=\"panel-body toggle-content fusion-clearfix\">O valor patrimonial tribut\u00e1rio \u00e9 a base tribut\u00e1ria para c\u00e1lculos fiscais relativos ao imoveis.<br \/>\nQuanto maior for o VPT mais ser\u00e1 pago no Imposto Municipal de Imoveis (IMI), Imposto Municipal de Transmiss\u00f5es Onerosas de Im\u00f3veis (IMT) e no Imposto de Selo (IS).<\/div><\/div><\/div><div class=\"fusion-panel panel-default panel-1a17d019bb53a7274 fusion-toggle-has-divider\"><div class=\"panel-heading\"><h4 class=\"panel-title toggle\" id=\"toggle_1a17d019bb53a7274\"><a aria-expanded=\"false\" aria-controls=\"1a17d019bb53a7274\" role=\"button\" data-toggle=\"collapse\" data-parent=\"#accordion-458-1\" data-target=\"#1a17d019bb53a7274\" href=\"#1a17d019bb53a7274\"><span class=\"fusion-toggle-icon-wrapper\" aria-hidden=\"true\"><i class=\"fa-fusion-box active-icon awb-icon-minus\" aria-hidden=\"true\"><\/i><i class=\"fa-fusion-box inactive-icon awb-icon-plus\" aria-hidden=\"true\"><\/i><\/span><span class=\"fusion-toggle-heading\">\u00c9 IMPORTANTE QUE O VTP ESTEJA CORRETO?<\/span><\/a><\/h4><\/div><div id=\"1a17d019bb53a7274\" class=\"panel-collapse collapse \" aria-labelledby=\"toggle_1a17d019bb53a7274\"><div class=\"panel-body toggle-content fusion-clearfix\">Sim, porque um erro no VPT pode implicar que pague mais do que o devido no IMI, no IMT ou no IS, que s\u00e3o impostos dependentes deste valor patrimonial.<\/div><\/div><\/div><\/div><\/div><div class=\"fusion-clearfix\"><\/div><\/div><\/div><\/div><\/div>\n","protected":false},"excerpt":{"rendered":"","protected":false},"author":1,"featured_media":0,"parent":0,"menu_order":0,"comment_status":"closed","ping_status":"closed","template":"","meta":{"footnotes":""},"class_list":["post-458","page","type-page","status-publish","hentry"],"_links":{"self":[{"href":"https:\/\/isabelferreirua.com\/pt-pt\/wp-json\/wp\/v2\/pages\/458","targetHints":{"allow":["GET"]}}],"collection":[{"href":"https:\/\/isabelferreirua.com\/pt-pt\/wp-json\/wp\/v2\/pages"}],"about":[{"href":"https:\/\/isabelferreirua.com\/pt-pt\/wp-json\/wp\/v2\/types\/page"}],"author":[{"embeddable":true,"href":"https:\/\/isabelferreirua.com\/pt-pt\/wp-json\/wp\/v2\/users\/1"}],"replies":[{"embeddable":true,"href":"https:\/\/isabelferreirua.com\/pt-pt\/wp-json\/wp\/v2\/comments?post=458"}],"version-history":[{"count":7,"href":"https:\/\/isabelferreirua.com\/pt-pt\/wp-json\/wp\/v2\/pages\/458\/revisions"}],"predecessor-version":[{"id":487,"href":"https:\/\/isabelferreirua.com\/pt-pt\/wp-json\/wp\/v2\/pages\/458\/revisions\/487"}],"wp:attachment":[{"href":"https:\/\/isabelferreirua.com\/pt-pt\/wp-json\/wp\/v2\/media?parent=458"}],"curies":[{"name":"wp","href":"https:\/\/api.w.org\/{rel}","templated":true}]}}